{"id":84,"date":"2022-07-26T12:05:35","date_gmt":"2022-07-26T10:05:35","guid":{"rendered":"https:\/\/bouchemaine-yoga.fr\/?page_id=84"},"modified":"2022-07-30T14:44:42","modified_gmt":"2022-07-30T12:44:42","slug":"contact-2","status":"publish","type":"page","link":"https:\/\/bouchemaine-yoga.fr\/index.php\/contact-2\/","title":{"rendered":"Contact"},"content":{"rendered":"\n<p class=\"has-text-align-center\" style=\"font-size:22px\">Si\u00e8ge social <br>20 bis rue de la piverdi\u00e8re <br>49080 Bouchemaine<\/p>\n\n\n\n<p class=\"has-text-align-center\" style=\"font-size:22px\">Mail : bouchemaineyogaclub49@gmail.com  <br>T\u00e9l\u00e9phone : 06 01 76 80 29<\/p>\n","protected":false},"excerpt":{"rendered":"<p>Si\u00e8ge social 20 bis rue de la piverdi\u00e8re 49080 Bouchemaine Mail : bouchemaineyogaclub49@gmail.com T\u00e9l\u00e9phone : 06 01 76 80 29<\/p>\n","protected":false},"author":1,"featured_media":0,"parent":0,"menu_order":0,"comment_status":"closed","ping_status":"closed","template":"","meta":[],"yoast_head":"<!-- This site is optimized with the Yoast SEO plugin v19.4 - https:\/\/yoast.com\/wordpress\/plugins\/seo\/ -->\n<title>Contact - Bouchemaine Yoga Club<\/title>\n<meta name=\"robots\" content=\"index, follow, max-snippet:-1, max-image-preview:large, max-video-preview:-1\" \/>\n<link rel=\"canonical\" href=\"https:\/\/bouchemaine-yoga.fr\/index.php\/contact-2\/\" \/>\n<meta property=\"og:locale\" content=\"fr_FR\" \/>\n<meta property=\"og:type\" content=\"article\" \/>\n<meta property=\"og:title\" content=\"Contact - Bouchemaine Yoga Club\" \/>\n<meta property=\"og:description\" content=\"Si\u00e8ge social 20 bis rue de la piverdi\u00e8re 49080 Bouchemaine Mail : bouchemaineyogaclub49@gmail.com T\u00e9l\u00e9phone : 06 01 76 80 29\" \/>\n<meta property=\"og:url\" content=\"https:\/\/bouchemaine-yoga.fr\/index.php\/contact-2\/\" \/>\n<meta property=\"og:site_name\" content=\"Bouchemaine Yoga Club\" \/>\n<meta property=\"article:modified_time\" content=\"2022-07-30T12:44:42+00:00\" \/>\n<meta name=\"twitter:card\" content=\"summary_large_image\" \/>\n<meta name=\"twitter:label1\" content=\"Dur\u00e9e de lecture estim\u00e9e\" \/>\n\t<meta name=\"twitter:data1\" content=\"1 minute\" \/>\n<script type=\"application\/ld+json\" class=\"yoast-schema-graph\">{\"@context\":\"https:\/\/schema.org\",\"@graph\":[{\"@type\":\"Organization\",\"@id\":\"https:\/\/bouchemaine-yoga.fr\/#organization\",\"name\":\"Bouchemaine Yoga Club\",\"url\":\"https:\/\/bouchemaine-yoga.fr\/\",\"sameAs\":[],\"logo\":{\"@type\":\"ImageObject\",\"inLanguage\":\"fr-FR\",\"@id\":\"https:\/\/bouchemaine-yoga.fr\/#\/schema\/logo\/image\/\",\"url\":\"https:\/\/bouchemaine-yoga.fr\/wp-content\/uploads\/2022\/07\/cropped-Choix-1-Logo-mauve-BYC-1-1.jpg\",\"contentUrl\":\"https:\/\/bouchemaine-yoga.fr\/wp-content\/uploads\/2022\/07\/cropped-Choix-1-Logo-mauve-BYC-1-1.jpg\",\"width\":209,\"height\":209,\"caption\":\"Bouchemaine Yoga Club\"},\"image\":{\"@id\":\"https:\/\/bouchemaine-yoga.fr\/#\/schema\/logo\/image\/\"}},{\"@type\":\"WebSite\",\"@id\":\"https:\/\/bouchemaine-yoga.fr\/#website\",\"url\":\"https:\/\/bouchemaine-yoga.fr\/\",\"name\":\"Bouchemaine Yoga Club\",\"description\":\"\",\"publisher\":{\"@id\":\"https:\/\/bouchemaine-yoga.fr\/#organization\"},\"potentialAction\":[{\"@type\":\"SearchAction\",\"target\":{\"@type\":\"EntryPoint\",\"urlTemplate\":\"https:\/\/bouchemaine-yoga.fr\/?s={search_term_string}\"},\"query-input\":\"required name=search_term_string\"}],\"inLanguage\":\"fr-FR\"},{\"@type\":\"WebPage\",\"@id\":\"https:\/\/bouchemaine-yoga.fr\/index.php\/contact-2\/\",\"url\":\"https:\/\/bouchemaine-yoga.fr\/index.php\/contact-2\/\",\"name\":\"Contact - Bouchemaine Yoga Club\",\"isPartOf\":{\"@id\":\"https:\/\/bouchemaine-yoga.fr\/#website\"},\"datePublished\":\"2022-07-26T10:05:35+00:00\",\"dateModified\":\"2022-07-30T12:44:42+00:00\",\"breadcrumb\":{\"@id\":\"https:\/\/bouchemaine-yoga.fr\/index.php\/contact-2\/#breadcrumb\"},\"inLanguage\":\"fr-FR\",\"potentialAction\":[{\"@type\":\"ReadAction\",\"target\":[\"https:\/\/bouchemaine-yoga.fr\/index.php\/contact-2\/\"]}]},{\"@type\":\"BreadcrumbList\",\"@id\":\"https:\/\/bouchemaine-yoga.fr\/index.php\/contact-2\/#breadcrumb\",\"itemListElement\":[{\"@type\":\"ListItem\",\"position\":1,\"name\":\"Accueil\",\"item\":\"https:\/\/bouchemaine-yoga.fr\/\"},{\"@type\":\"ListItem\",\"position\":2,\"name\":\"Contact\"}]}]}<\/script>\n<!-- \/ Yoast SEO plugin. -->","yoast_head_json":{"title":"Contact - Bouchemaine Yoga Club","robots":{"index":"index","follow":"follow","max-snippet":"max-snippet:-1","max-image-preview":"max-image-preview:large","max-video-preview":"max-video-preview:-1"},"canonical":"https:\/\/bouchemaine-yoga.fr\/index.php\/contact-2\/","og_locale":"fr_FR","og_type":"article","og_title":"Contact - Bouchemaine Yoga Club","og_description":"Si\u00e8ge social 20 bis rue de la piverdi\u00e8re 49080 Bouchemaine Mail : bouchemaineyogaclub49@gmail.com T\u00e9l\u00e9phone : 06 01 76 80 29","og_url":"https:\/\/bouchemaine-yoga.fr\/index.php\/contact-2\/","og_site_name":"Bouchemaine Yoga Club","article_modified_time":"2022-07-30T12:44:42+00:00","twitter_card":"summary_large_image","twitter_misc":{"Dur\u00e9e de lecture estim\u00e9e":"1 minute"},"schema":{"@context":"https:\/\/schema.org","@graph":[{"@type":"Organization","@id":"https:\/\/bouchemaine-yoga.fr\/#organization","name":"Bouchemaine Yoga Club","url":"https:\/\/bouchemaine-yoga.fr\/","sameAs":[],"logo":{"@type":"ImageObject","inLanguage":"fr-FR","@id":"https:\/\/bouchemaine-yoga.fr\/#\/schema\/logo\/image\/","url":"https:\/\/bouchemaine-yoga.fr\/wp-content\/uploads\/2022\/07\/cropped-Choix-1-Logo-mauve-BYC-1-1.jpg","contentUrl":"https:\/\/bouchemaine-yoga.fr\/wp-content\/uploads\/2022\/07\/cropped-Choix-1-Logo-mauve-BYC-1-1.jpg","width":209,"height":209,"caption":"Bouchemaine Yoga Club"},"image":{"@id":"https:\/\/bouchemaine-yoga.fr\/#\/schema\/logo\/image\/"}},{"@type":"WebSite","@id":"https:\/\/bouchemaine-yoga.fr\/#website","url":"https:\/\/bouchemaine-yoga.fr\/","name":"Bouchemaine Yoga Club","description":"","publisher":{"@id":"https:\/\/bouchemaine-yoga.fr\/#organization"},"potentialAction":[{"@type":"SearchAction","target":{"@type":"EntryPoint","urlTemplate":"https:\/\/bouchemaine-yoga.fr\/?s={search_term_string}"},"query-input":"required name=search_term_string"}],"inLanguage":"fr-FR"},{"@type":"WebPage","@id":"https:\/\/bouchemaine-yoga.fr\/index.php\/contact-2\/","url":"https:\/\/bouchemaine-yoga.fr\/index.php\/contact-2\/","name":"Contact - Bouchemaine Yoga Club","isPartOf":{"@id":"https:\/\/bouchemaine-yoga.fr\/#website"},"datePublished":"2022-07-26T10:05:35+00:00","dateModified":"2022-07-30T12:44:42+00:00","breadcrumb":{"@id":"https:\/\/bouchemaine-yoga.fr\/index.php\/contact-2\/#breadcrumb"},"inLanguage":"fr-FR","potentialAction":[{"@type":"ReadAction","target":["https:\/\/bouchemaine-yoga.fr\/index.php\/contact-2\/"]}]},{"@type":"BreadcrumbList","@id":"https:\/\/bouchemaine-yoga.fr\/index.php\/contact-2\/#breadcrumb","itemListElement":[{"@type":"ListItem","position":1,"name":"Accueil","item":"https:\/\/bouchemaine-yoga.fr\/"},{"@type":"ListItem","position":2,"name":"Contact"}]}]}},"_links":{"self":[{"href":"https:\/\/bouchemaine-yoga.fr\/index.php\/wp-json\/wp\/v2\/pages\/84"}],"collection":[{"href":"https:\/\/bouchemaine-yoga.fr\/index.php\/wp-json\/wp\/v2\/pages"}],"about":[{"href":"https:\/\/bouchemaine-yoga.fr\/index.php\/wp-json\/wp\/v2\/types\/page"}],"author":[{"embeddable":true,"href":"https:\/\/bouchemaine-yoga.fr\/index.php\/wp-json\/wp\/v2\/users\/1"}],"replies":[{"embeddable":true,"href":"https:\/\/bouchemaine-yoga.fr\/index.php\/wp-json\/wp\/v2\/comments?post=84"}],"version-history":[{"count":4,"href":"https:\/\/bouchemaine-yoga.fr\/index.php\/wp-json\/wp\/v2\/pages\/84\/revisions"}],"predecessor-version":[{"id":152,"href":"https:\/\/bouchemaine-yoga.fr\/index.php\/wp-json\/wp\/v2\/pages\/84\/revisions\/152"}],"wp:attachment":[{"href":"https:\/\/bouchemaine-yoga.fr\/index.php\/wp-json\/wp\/v2\/media?parent=84"}],"curies":[{"name":"wp","href":"https:\/\/api.w.org\/{rel}","templated":true}]}}