{"id":50,"date":"2022-07-12T22:04:15","date_gmt":"2022-07-12T20:04:15","guid":{"rendered":"https:\/\/bouchemaine-yoga.fr\/?page_id=50"},"modified":"2024-05-26T23:03:53","modified_gmt":"2024-05-26T21:03:53","slug":"cours","status":"publish","type":"page","link":"https:\/\/bouchemaine-yoga.fr\/index.php\/cours\/","title":{"rendered":"Cours"},"content":{"rendered":"\n<h3><strong>Dur\u00e9e des cours 1h15 <\/strong><\/h3>\n\n\n\n<p style=\"font-size:22px\">D\u00e9but des cours : lundi 9 septembre 2024, cours assur\u00e9s sur la p\u00e9riode scolaire<\/p>\n\n\n\n<h3><strong>Information <\/strong><\/h3>\n\n\n\n<div class=\"wp-container-3 wp-block-columns\">\n<div class=\"wp-container-1 wp-block-column\" style=\"flex-basis:25%\">\n<figure class=\"wp-block-image size-medium is-resized\"><img loading=\"lazy\" src=\"https:\/\/bouchemaine-yoga.fr\/wp-content\/uploads\/2022\/07\/Logo_FFHY-254x300.png\" alt=\"\" class=\"wp-image-126\" width=\"127\" height=\"150\" srcset=\"https:\/\/bouchemaine-yoga.fr\/wp-content\/uploads\/2022\/07\/Logo_FFHY-254x300.png 254w, https:\/\/bouchemaine-yoga.fr\/wp-content\/uploads\/2022\/07\/Logo_FFHY-866x1024.png 866w, https:\/\/bouchemaine-yoga.fr\/wp-content\/uploads\/2022\/07\/Logo_FFHY-768x909.png 768w, https:\/\/bouchemaine-yoga.fr\/wp-content\/uploads\/2022\/07\/Logo_FFHY.png 918w\" sizes=\"(max-width: 127px) 100vw, 127px\" \/><\/figure>\n<\/div>\n\n\n\n<div class=\"wp-container-2 wp-block-column\" style=\"flex-basis:50%\">\n<p style=\"font-size:22px\">L&rsquo;Association Bouchemaine Yoga Club<br>propose des cours de yoga assur\u00e9s par 3 professeurs form\u00e9s \u00e0 l&rsquo;Ecole Internationale De Yoga Traditionnel EIDYT et affili\u00e9s \u00e0 la F\u00e9d\u00e9ration Fran\u00e7aise de Hatha Yoga ( <a href=\"https:\/\/ffhy.eu\/\">FFHY<\/a> ).<br>La FFHY a \u00e9t\u00e9 fond\u00e9e en 1968 pour promouvoir le yoga en France dans son esprit traditionnel.<\/p>\n\n\n\n<p style=\"font-size:22px\">En fonction de leur formation initiale et compl\u00e9mentaire, de leur v\u00e9cu et leur  exp\u00e9rience, l&rsquo;approche de leur enseignement du yoga peut \u00eatre diff\u00e9rente, ceci permet de choisir le yoga qui vous convient le mieux.<\/p>\n<\/div>\n<\/div>\n","protected":false},"excerpt":{"rendered":"<p>Dur\u00e9e des cours 1h15 D\u00e9but des cours : lundi 9 septembre 2024, cours assur\u00e9s sur la p\u00e9riode scolaire Information L&rsquo;Association Bouchemaine Yoga Clubpropose des cours [&hellip;]<\/p>\n","protected":false},"author":1,"featured_media":0,"parent":0,"menu_order":0,"comment_status":"closed","ping_status":"closed","template":"","meta":[],"yoast_head":"<!-- This site is optimized with the Yoast SEO plugin v19.4 - https:\/\/yoast.com\/wordpress\/plugins\/seo\/ -->\n<title>Cours - Bouchemaine Yoga Club<\/title>\n<meta name=\"robots\" content=\"index, follow, max-snippet:-1, max-image-preview:large, max-video-preview:-1\" \/>\n<link rel=\"canonical\" href=\"https:\/\/bouchemaine-yoga.fr\/index.php\/cours\/\" \/>\n<meta property=\"og:locale\" content=\"fr_FR\" \/>\n<meta property=\"og:type\" content=\"article\" \/>\n<meta property=\"og:title\" content=\"Cours - Bouchemaine Yoga Club\" \/>\n<meta property=\"og:description\" content=\"Dur\u00e9e des cours 1h15 D\u00e9but des cours : lundi 9 septembre 2024, cours assur\u00e9s sur la p\u00e9riode scolaire Information L&rsquo;Association Bouchemaine Yoga Clubpropose des cours [&hellip;]\" \/>\n<meta property=\"og:url\" content=\"https:\/\/bouchemaine-yoga.fr\/index.php\/cours\/\" \/>\n<meta property=\"og:site_name\" content=\"Bouchemaine Yoga Club\" \/>\n<meta property=\"article:modified_time\" content=\"2024-05-26T21:03:53+00:00\" \/>\n<meta property=\"og:image\" content=\"https:\/\/bouchemaine-yoga.fr\/wp-content\/uploads\/2022\/07\/Logo_FFHY-254x300.png\" \/>\n<meta name=\"twitter:card\" content=\"summary_large_image\" \/>\n<meta name=\"twitter:label1\" content=\"Dur\u00e9e de lecture estim\u00e9e\" \/>\n\t<meta name=\"twitter:data1\" content=\"1 minute\" \/>\n<script type=\"application\/ld+json\" class=\"yoast-schema-graph\">{\"@context\":\"https:\/\/schema.org\",\"@graph\":[{\"@type\":\"Organization\",\"@id\":\"https:\/\/bouchemaine-yoga.fr\/#organization\",\"name\":\"Bouchemaine Yoga Club\",\"url\":\"https:\/\/bouchemaine-yoga.fr\/\",\"sameAs\":[],\"logo\":{\"@type\":\"ImageObject\",\"inLanguage\":\"fr-FR\",\"@id\":\"https:\/\/bouchemaine-yoga.fr\/#\/schema\/logo\/image\/\",\"url\":\"https:\/\/bouchemaine-yoga.fr\/wp-content\/uploads\/2022\/07\/cropped-Choix-1-Logo-mauve-BYC-1-1.jpg\",\"contentUrl\":\"https:\/\/bouchemaine-yoga.fr\/wp-content\/uploads\/2022\/07\/cropped-Choix-1-Logo-mauve-BYC-1-1.jpg\",\"width\":209,\"height\":209,\"caption\":\"Bouchemaine Yoga Club\"},\"image\":{\"@id\":\"https:\/\/bouchemaine-yoga.fr\/#\/schema\/logo\/image\/\"}},{\"@type\":\"WebSite\",\"@id\":\"https:\/\/bouchemaine-yoga.fr\/#website\",\"url\":\"https:\/\/bouchemaine-yoga.fr\/\",\"name\":\"Bouchemaine Yoga Club\",\"description\":\"\",\"publisher\":{\"@id\":\"https:\/\/bouchemaine-yoga.fr\/#organization\"},\"potentialAction\":[{\"@type\":\"SearchAction\",\"target\":{\"@type\":\"EntryPoint\",\"urlTemplate\":\"https:\/\/bouchemaine-yoga.fr\/?s={search_term_string}\"},\"query-input\":\"required name=search_term_string\"}],\"inLanguage\":\"fr-FR\"},{\"@type\":\"WebPage\",\"@id\":\"https:\/\/bouchemaine-yoga.fr\/index.php\/cours\/\",\"url\":\"https:\/\/bouchemaine-yoga.fr\/index.php\/cours\/\",\"name\":\"Cours - Bouchemaine Yoga Club\",\"isPartOf\":{\"@id\":\"https:\/\/bouchemaine-yoga.fr\/#website\"},\"datePublished\":\"2022-07-12T20:04:15+00:00\",\"dateModified\":\"2024-05-26T21:03:53+00:00\",\"breadcrumb\":{\"@id\":\"https:\/\/bouchemaine-yoga.fr\/index.php\/cours\/#breadcrumb\"},\"inLanguage\":\"fr-FR\",\"potentialAction\":[{\"@type\":\"ReadAction\",\"target\":[\"https:\/\/bouchemaine-yoga.fr\/index.php\/cours\/\"]}]},{\"@type\":\"BreadcrumbList\",\"@id\":\"https:\/\/bouchemaine-yoga.fr\/index.php\/cours\/#breadcrumb\",\"itemListElement\":[{\"@type\":\"ListItem\",\"position\":1,\"name\":\"Accueil\",\"item\":\"https:\/\/bouchemaine-yoga.fr\/\"},{\"@type\":\"ListItem\",\"position\":2,\"name\":\"Cours\"}]}]}<\/script>\n<!-- \/ Yoast SEO plugin. -->","yoast_head_json":{"title":"Cours - Bouchemaine Yoga Club","robots":{"index":"index","follow":"follow","max-snippet":"max-snippet:-1","max-image-preview":"max-image-preview:large","max-video-preview":"max-video-preview:-1"},"canonical":"https:\/\/bouchemaine-yoga.fr\/index.php\/cours\/","og_locale":"fr_FR","og_type":"article","og_title":"Cours - Bouchemaine Yoga Club","og_description":"Dur\u00e9e des cours 1h15 D\u00e9but des cours : lundi 9 septembre 2024, cours assur\u00e9s sur la p\u00e9riode scolaire Information L&rsquo;Association Bouchemaine Yoga Clubpropose des cours [&hellip;]","og_url":"https:\/\/bouchemaine-yoga.fr\/index.php\/cours\/","og_site_name":"Bouchemaine Yoga Club","article_modified_time":"2024-05-26T21:03:53+00:00","og_image":[{"url":"https:\/\/bouchemaine-yoga.fr\/wp-content\/uploads\/2022\/07\/Logo_FFHY-254x300.png"}],"twitter_card":"summary_large_image","twitter_misc":{"Dur\u00e9e de lecture estim\u00e9e":"1 minute"},"schema":{"@context":"https:\/\/schema.org","@graph":[{"@type":"Organization","@id":"https:\/\/bouchemaine-yoga.fr\/#organization","name":"Bouchemaine Yoga Club","url":"https:\/\/bouchemaine-yoga.fr\/","sameAs":[],"logo":{"@type":"ImageObject","inLanguage":"fr-FR","@id":"https:\/\/bouchemaine-yoga.fr\/#\/schema\/logo\/image\/","url":"https:\/\/bouchemaine-yoga.fr\/wp-content\/uploads\/2022\/07\/cropped-Choix-1-Logo-mauve-BYC-1-1.jpg","contentUrl":"https:\/\/bouchemaine-yoga.fr\/wp-content\/uploads\/2022\/07\/cropped-Choix-1-Logo-mauve-BYC-1-1.jpg","width":209,"height":209,"caption":"Bouchemaine Yoga Club"},"image":{"@id":"https:\/\/bouchemaine-yoga.fr\/#\/schema\/logo\/image\/"}},{"@type":"WebSite","@id":"https:\/\/bouchemaine-yoga.fr\/#website","url":"https:\/\/bouchemaine-yoga.fr\/","name":"Bouchemaine Yoga Club","description":"","publisher":{"@id":"https:\/\/bouchemaine-yoga.fr\/#organization"},"potentialAction":[{"@type":"SearchAction","target":{"@type":"EntryPoint","urlTemplate":"https:\/\/bouchemaine-yoga.fr\/?s={search_term_string}"},"query-input":"required name=search_term_string"}],"inLanguage":"fr-FR"},{"@type":"WebPage","@id":"https:\/\/bouchemaine-yoga.fr\/index.php\/cours\/","url":"https:\/\/bouchemaine-yoga.fr\/index.php\/cours\/","name":"Cours - Bouchemaine Yoga Club","isPartOf":{"@id":"https:\/\/bouchemaine-yoga.fr\/#website"},"datePublished":"2022-07-12T20:04:15+00:00","dateModified":"2024-05-26T21:03:53+00:00","breadcrumb":{"@id":"https:\/\/bouchemaine-yoga.fr\/index.php\/cours\/#breadcrumb"},"inLanguage":"fr-FR","potentialAction":[{"@type":"ReadAction","target":["https:\/\/bouchemaine-yoga.fr\/index.php\/cours\/"]}]},{"@type":"BreadcrumbList","@id":"https:\/\/bouchemaine-yoga.fr\/index.php\/cours\/#breadcrumb","itemListElement":[{"@type":"ListItem","position":1,"name":"Accueil","item":"https:\/\/bouchemaine-yoga.fr\/"},{"@type":"ListItem","position":2,"name":"Cours"}]}]}},"_links":{"self":[{"href":"https:\/\/bouchemaine-yoga.fr\/index.php\/wp-json\/wp\/v2\/pages\/50"}],"collection":[{"href":"https:\/\/bouchemaine-yoga.fr\/index.php\/wp-json\/wp\/v2\/pages"}],"about":[{"href":"https:\/\/bouchemaine-yoga.fr\/index.php\/wp-json\/wp\/v2\/types\/page"}],"author":[{"embeddable":true,"href":"https:\/\/bouchemaine-yoga.fr\/index.php\/wp-json\/wp\/v2\/users\/1"}],"replies":[{"embeddable":true,"href":"https:\/\/bouchemaine-yoga.fr\/index.php\/wp-json\/wp\/v2\/comments?post=50"}],"version-history":[{"count":11,"href":"https:\/\/bouchemaine-yoga.fr\/index.php\/wp-json\/wp\/v2\/pages\/50\/revisions"}],"predecessor-version":[{"id":274,"href":"https:\/\/bouchemaine-yoga.fr\/index.php\/wp-json\/wp\/v2\/pages\/50\/revisions\/274"}],"wp:attachment":[{"href":"https:\/\/bouchemaine-yoga.fr\/index.php\/wp-json\/wp\/v2\/media?parent=50"}],"curies":[{"name":"wp","href":"https:\/\/api.w.org\/{rel}","templated":true}]}}