{"id":45,"date":"2022-07-12T21:53:55","date_gmt":"2022-07-12T19:53:55","guid":{"rendered":"https:\/\/bouchemaine-yoga.fr\/?page_id=45"},"modified":"2025-05-01T14:53:15","modified_gmt":"2025-05-01T12:53:15","slug":"tarifs","status":"publish","type":"page","link":"https:\/\/bouchemaine-yoga.fr\/index.php\/tarifs\/","title":{"rendered":"Tarifs"},"content":{"rendered":"\n<h3><strong>Cotisation<\/strong><\/h3>\n\n\n\n<ul style=\"font-size:22px\"><li>Adh\u00e9sion  : 20 \u20ac<\/li><li>31 cours (1h15) \u00e0 raison d\u2019un cours par semaine : 130 \u20ac<\/li><\/ul>\n\n\n\n<p class=\"has-text-align-left\" style=\"font-size:22px\">Possibilit\u00e9 de r\u00e9gler en 2 fois (en remettant les 2 ch\u00e8ques lors de l&rsquo;inscription)<\/p>\n\n\n\n<p class=\"has-text-align-center\" style=\"font-size:22px\">Compte tenu du nombre de demandes, seul un dossier complet<br>d\u00e9pos\u00e9 avant le 1 septembre nous permettra de respecter le jour choisi.<br><\/p>\n\n\n\n<h3><strong>Inscription<\/strong><\/h3>\n\n\n\n<div class=\"wp-block-file\"><a id=\"wp-block-file--media-5efae22d-3109-4e42-acc5-e470e2845cee\" href=\"https:\/\/bouchemaine-yoga.fr\/wp-content\/uploads\/2025\/05\/2025-2026-DOSSIER-INSCRIPTION.pdf\">2025-2026-DOSSIER-INSCRIPTION<\/a><a href=\"https:\/\/bouchemaine-yoga.fr\/wp-content\/uploads\/2025\/05\/2025-2026-DOSSIER-INSCRIPTION.pdf\" class=\"wp-block-file__button\" download aria-describedby=\"wp-block-file--media-5efae22d-3109-4e42-acc5-e470e2845cee\">T\u00e9l\u00e9charger<\/a><\/div>\n\n\n\n<div class=\"wp-block-file\"><a id=\"wp-block-file--media-0d621b78-eabf-4961-b77e-c05a29171673\" href=\"https:\/\/bouchemaine-yoga.fr\/wp-content\/uploads\/2025\/05\/2025-2026-Calendrier.pdf\">2025-2026-Calendrier<\/a><a href=\"https:\/\/bouchemaine-yoga.fr\/wp-content\/uploads\/2025\/05\/2025-2026-Calendrier.pdf\" class=\"wp-block-file__button\" download aria-describedby=\"wp-block-file--media-0d621b78-eabf-4961-b77e-c05a29171673\">T\u00e9l\u00e9charger<\/a><\/div>\n\n\n\n<p><\/p>\n\n\n\n<p class=\"has-text-align-center\" style=\"font-size:22px\">Apr\u00e8s le 1 er octobre, pour ceux qui le souhaitent, si le nombre de places disponibles le permet, 1 cours suppl\u00e9mentaire par semaine, sur un cr\u00e9neau d\u00e9fini, pourrait \u00eatre propos\u00e9 pour un suppl\u00e9ment de 70 \u20ac.                                                                                     <\/p>\n","protected":false},"excerpt":{"rendered":"<p>Cotisation Adh\u00e9sion : 20 \u20ac 31 cours (1h15) \u00e0 raison d\u2019un cours par semaine : 130 \u20ac Possibilit\u00e9 de r\u00e9gler en 2 fois (en remettant [&hellip;]<\/p>\n","protected":false},"author":1,"featured_media":0,"parent":0,"menu_order":0,"comment_status":"closed","ping_status":"closed","template":"","meta":[],"yoast_head":"<!-- This site is optimized with the Yoast SEO plugin v19.4 - https:\/\/yoast.com\/wordpress\/plugins\/seo\/ -->\n<title>Tarifs - Bouchemaine Yoga Club<\/title>\n<meta name=\"robots\" content=\"index, follow, max-snippet:-1, max-image-preview:large, max-video-preview:-1\" \/>\n<link rel=\"canonical\" href=\"https:\/\/bouchemaine-yoga.fr\/index.php\/tarifs\/\" \/>\n<meta property=\"og:locale\" content=\"fr_FR\" \/>\n<meta property=\"og:type\" content=\"article\" \/>\n<meta property=\"og:title\" content=\"Tarifs - Bouchemaine Yoga Club\" \/>\n<meta property=\"og:description\" content=\"Cotisation Adh\u00e9sion : 20 \u20ac 31 cours (1h15) \u00e0 raison d\u2019un cours par semaine : 130 \u20ac Possibilit\u00e9 de r\u00e9gler en 2 fois (en remettant [&hellip;]\" \/>\n<meta property=\"og:url\" content=\"https:\/\/bouchemaine-yoga.fr\/index.php\/tarifs\/\" \/>\n<meta property=\"og:site_name\" content=\"Bouchemaine Yoga Club\" \/>\n<meta property=\"article:modified_time\" content=\"2025-05-01T12:53:15+00:00\" \/>\n<meta name=\"twitter:card\" content=\"summary_large_image\" \/>\n<meta name=\"twitter:label1\" content=\"Dur\u00e9e de lecture estim\u00e9e\" \/>\n\t<meta name=\"twitter:data1\" content=\"1 minute\" \/>\n<script type=\"application\/ld+json\" class=\"yoast-schema-graph\">{\"@context\":\"https:\/\/schema.org\",\"@graph\":[{\"@type\":\"Organization\",\"@id\":\"https:\/\/bouchemaine-yoga.fr\/#organization\",\"name\":\"Bouchemaine Yoga Club\",\"url\":\"https:\/\/bouchemaine-yoga.fr\/\",\"sameAs\":[],\"logo\":{\"@type\":\"ImageObject\",\"inLanguage\":\"fr-FR\",\"@id\":\"https:\/\/bouchemaine-yoga.fr\/#\/schema\/logo\/image\/\",\"url\":\"https:\/\/bouchemaine-yoga.fr\/wp-content\/uploads\/2022\/07\/cropped-Choix-1-Logo-mauve-BYC-1-1.jpg\",\"contentUrl\":\"https:\/\/bouchemaine-yoga.fr\/wp-content\/uploads\/2022\/07\/cropped-Choix-1-Logo-mauve-BYC-1-1.jpg\",\"width\":209,\"height\":209,\"caption\":\"Bouchemaine Yoga Club\"},\"image\":{\"@id\":\"https:\/\/bouchemaine-yoga.fr\/#\/schema\/logo\/image\/\"}},{\"@type\":\"WebSite\",\"@id\":\"https:\/\/bouchemaine-yoga.fr\/#website\",\"url\":\"https:\/\/bouchemaine-yoga.fr\/\",\"name\":\"Bouchemaine Yoga Club\",\"description\":\"\",\"publisher\":{\"@id\":\"https:\/\/bouchemaine-yoga.fr\/#organization\"},\"potentialAction\":[{\"@type\":\"SearchAction\",\"target\":{\"@type\":\"EntryPoint\",\"urlTemplate\":\"https:\/\/bouchemaine-yoga.fr\/?s={search_term_string}\"},\"query-input\":\"required name=search_term_string\"}],\"inLanguage\":\"fr-FR\"},{\"@type\":\"WebPage\",\"@id\":\"https:\/\/bouchemaine-yoga.fr\/index.php\/tarifs\/\",\"url\":\"https:\/\/bouchemaine-yoga.fr\/index.php\/tarifs\/\",\"name\":\"Tarifs - Bouchemaine Yoga Club\",\"isPartOf\":{\"@id\":\"https:\/\/bouchemaine-yoga.fr\/#website\"},\"datePublished\":\"2022-07-12T19:53:55+00:00\",\"dateModified\":\"2025-05-01T12:53:15+00:00\",\"breadcrumb\":{\"@id\":\"https:\/\/bouchemaine-yoga.fr\/index.php\/tarifs\/#breadcrumb\"},\"inLanguage\":\"fr-FR\",\"potentialAction\":[{\"@type\":\"ReadAction\",\"target\":[\"https:\/\/bouchemaine-yoga.fr\/index.php\/tarifs\/\"]}]},{\"@type\":\"BreadcrumbList\",\"@id\":\"https:\/\/bouchemaine-yoga.fr\/index.php\/tarifs\/#breadcrumb\",\"itemListElement\":[{\"@type\":\"ListItem\",\"position\":1,\"name\":\"Accueil\",\"item\":\"https:\/\/bouchemaine-yoga.fr\/\"},{\"@type\":\"ListItem\",\"position\":2,\"name\":\"Tarifs\"}]}]}<\/script>\n<!-- \/ Yoast SEO plugin. -->","yoast_head_json":{"title":"Tarifs - Bouchemaine Yoga Club","robots":{"index":"index","follow":"follow","max-snippet":"max-snippet:-1","max-image-preview":"max-image-preview:large","max-video-preview":"max-video-preview:-1"},"canonical":"https:\/\/bouchemaine-yoga.fr\/index.php\/tarifs\/","og_locale":"fr_FR","og_type":"article","og_title":"Tarifs - Bouchemaine Yoga Club","og_description":"Cotisation Adh\u00e9sion : 20 \u20ac 31 cours (1h15) \u00e0 raison d\u2019un cours par semaine : 130 \u20ac Possibilit\u00e9 de r\u00e9gler en 2 fois (en remettant [&hellip;]","og_url":"https:\/\/bouchemaine-yoga.fr\/index.php\/tarifs\/","og_site_name":"Bouchemaine Yoga Club","article_modified_time":"2025-05-01T12:53:15+00:00","twitter_card":"summary_large_image","twitter_misc":{"Dur\u00e9e de lecture estim\u00e9e":"1 minute"},"schema":{"@context":"https:\/\/schema.org","@graph":[{"@type":"Organization","@id":"https:\/\/bouchemaine-yoga.fr\/#organization","name":"Bouchemaine Yoga Club","url":"https:\/\/bouchemaine-yoga.fr\/","sameAs":[],"logo":{"@type":"ImageObject","inLanguage":"fr-FR","@id":"https:\/\/bouchemaine-yoga.fr\/#\/schema\/logo\/image\/","url":"https:\/\/bouchemaine-yoga.fr\/wp-content\/uploads\/2022\/07\/cropped-Choix-1-Logo-mauve-BYC-1-1.jpg","contentUrl":"https:\/\/bouchemaine-yoga.fr\/wp-content\/uploads\/2022\/07\/cropped-Choix-1-Logo-mauve-BYC-1-1.jpg","width":209,"height":209,"caption":"Bouchemaine Yoga Club"},"image":{"@id":"https:\/\/bouchemaine-yoga.fr\/#\/schema\/logo\/image\/"}},{"@type":"WebSite","@id":"https:\/\/bouchemaine-yoga.fr\/#website","url":"https:\/\/bouchemaine-yoga.fr\/","name":"Bouchemaine Yoga Club","description":"","publisher":{"@id":"https:\/\/bouchemaine-yoga.fr\/#organization"},"potentialAction":[{"@type":"SearchAction","target":{"@type":"EntryPoint","urlTemplate":"https:\/\/bouchemaine-yoga.fr\/?s={search_term_string}"},"query-input":"required name=search_term_string"}],"inLanguage":"fr-FR"},{"@type":"WebPage","@id":"https:\/\/bouchemaine-yoga.fr\/index.php\/tarifs\/","url":"https:\/\/bouchemaine-yoga.fr\/index.php\/tarifs\/","name":"Tarifs - Bouchemaine Yoga Club","isPartOf":{"@id":"https:\/\/bouchemaine-yoga.fr\/#website"},"datePublished":"2022-07-12T19:53:55+00:00","dateModified":"2025-05-01T12:53:15+00:00","breadcrumb":{"@id":"https:\/\/bouchemaine-yoga.fr\/index.php\/tarifs\/#breadcrumb"},"inLanguage":"fr-FR","potentialAction":[{"@type":"ReadAction","target":["https:\/\/bouchemaine-yoga.fr\/index.php\/tarifs\/"]}]},{"@type":"BreadcrumbList","@id":"https:\/\/bouchemaine-yoga.fr\/index.php\/tarifs\/#breadcrumb","itemListElement":[{"@type":"ListItem","position":1,"name":"Accueil","item":"https:\/\/bouchemaine-yoga.fr\/"},{"@type":"ListItem","position":2,"name":"Tarifs"}]}]}},"_links":{"self":[{"href":"https:\/\/bouchemaine-yoga.fr\/index.php\/wp-json\/wp\/v2\/pages\/45"}],"collection":[{"href":"https:\/\/bouchemaine-yoga.fr\/index.php\/wp-json\/wp\/v2\/pages"}],"about":[{"href":"https:\/\/bouchemaine-yoga.fr\/index.php\/wp-json\/wp\/v2\/types\/page"}],"author":[{"embeddable":true,"href":"https:\/\/bouchemaine-yoga.fr\/index.php\/wp-json\/wp\/v2\/users\/1"}],"replies":[{"embeddable":true,"href":"https:\/\/bouchemaine-yoga.fr\/index.php\/wp-json\/wp\/v2\/comments?post=45"}],"version-history":[{"count":21,"href":"https:\/\/bouchemaine-yoga.fr\/index.php\/wp-json\/wp\/v2\/pages\/45\/revisions"}],"predecessor-version":[{"id":278,"href":"https:\/\/bouchemaine-yoga.fr\/index.php\/wp-json\/wp\/v2\/pages\/45\/revisions\/278"}],"wp:attachment":[{"href":"https:\/\/bouchemaine-yoga.fr\/index.php\/wp-json\/wp\/v2\/media?parent=45"}],"curies":[{"name":"wp","href":"https:\/\/api.w.org\/{rel}","templated":true}]}}